{"id":3998,"date":"2020-01-29T10:48:45","date_gmt":"2020-01-29T10:48:45","guid":{"rendered":"https:\/\/stage.ehcteknik.com\/low-emission-zone\/"},"modified":"2020-05-15T06:17:59","modified_gmt":"2020-05-15T06:17:59","slug":"deutsche-umwelt-zonen","status":"publish","type":"page","link":"https:\/\/stage.ehcteknik.com\/de\/deutsche-umwelt-zonen\/","title":{"rendered":"Deutsche Umwelt-Zonen"},"content":{"rendered":"<div class=\"text-title-block container text-left mt-100 mb-100\">\n  \n      <h3 class=\"h3\">Immer mehr deutsche St\u00e4dte und Kommunen ver\u00f6ffentlichen Ihre Pl\u00e4ne zur Einrichtung von Umwelt-Zonen. Das betrifft die zeitlichen, wie auch die r\u00e4umlichen Planungen.<\/h3>\n  \n\n  <\/div>\n\n\n<div class=\"image-text-block container mt-100 mb-100\">\n  <div class=\"row\">\n              <div class=\"col-12 col-md-6 image-text text text-vertical-center\">\n            <div>\n              \n              \n                                  <div class=\"bg-primary mb-3\" style=\"width: 86px;height: 4px;\"><\/div>\n                \n                                  <h2 class=\"h1 mb-3\">Was sind Umweltzonen?<\/h2>\n                \n                <div class=\"text-muted\">\n                  <p>Eine Umweltzone ist eine r\u00e4umlich definierte Zone, in der Verkehr Umwelt- und Stadtvertr\u00e4glicher gestaltet werden soll. Zur Zielerreichung werden bestimmte Ma\u00dfnahmen umgesetzt und\/oder zur Einfahrt berechtigte Fahrzeugstandards festgelegt und \u00fcberwacht.<br \/>\nDie Gr\u00fcnde f\u00fcr die Einrichtung von Umweltzonen sind meist:<\/p>\n<ul>\n<li>Reduzierung der\u00a0Schadstoffe (Feinstaub, Stickstoffdioxid)<\/li>\n<li>Verbesserung der\u00a0Aufenthaltsqualit\u00e4t der St\u00e4dte<\/li>\n<li>Unterst\u00fctzung des\u00a0Denkmalschutzes<\/li>\n<li>Verminderung von\u00a0Staus<\/li>\n<li>Optimierung der Anlieferprobleme<\/li>\n<li>Verbeserung der\u00a0Qualit\u00e4t des \u00f6ffentlichen Verkehrs<\/li>\n<li>Unterst\u00fctzung der\u00a0Verkehrssicherheit<\/li>\n<\/ul>\n                <\/div>\n\n                \n                          <\/div>\n          <\/div>\n                <div class=\"col-12 col-md-6 image-text image \">\n            <div>\n                              <img decoding=\"async\" alt=\"\" src=\"https:\/\/stage.ehcteknik.com\/wp-content\/uploads\/2019\/11\/tillverkning-partikelfilter.jpg\">\n              \n                          <\/div>\n          <\/div>\n        <\/div>\n<\/div>\n\n\n<div class=\"text-title-block container text-left mt-50 mb-100\">\n  \n      <h2 class=\"h2\"><\/h2>\n  \n\n      <p><p>Zudem wird durch die Einrichtung von Umweltzonen nach M\u00f6glichkeiten gesucht, die negativen Abgas Emissionen in den Innenst\u00e4dten zu reduzieren.<\/p>\n<p>Umweltzonen werden vor allem dann von St\u00e4dten, Kommunen und Gemeinden eingerichtet, wenn die Belastung von Feinstaub an mehr an 35 Tagen im Jahr die vorgeschriebenen Grenzwerte \u00fcberschreitet. Das Konzept der Umweltzonen basiert auf der EU Richtlinie 96\/62\/EG, 1999\/30\/EG und 2008\/50\/EG).<\/p>\n<p>Die europ\u00e4ische Umweltgesetzgebung hat mit der Rahmenrichtlinie 96\/62\/EG und zwei weiteren, sogenannten Tochterrichtlinien eine neue Grundlage f\u00fcr eine einheitliche Beurteilung und Kontrolle der Luftqualit\u00e4t in St\u00e4dten geschaffen. Die Umsetzung der Richtlinien in Deutsches Recht erfolgte durch Anpassung des Bundes-Immissionsschutzgesetzes (BImSchG) und der 22. Verordnung zum BImSchG im Herbst 2002. In der Verordnung wurden die konkreten Grenzwerte f\u00fcr relevante Luftschadstoffe sowie Mess- und Beurteilungsverfahren festgelegt. Die Verordnung \u00fcbernahm die europ\u00e4ischen Grenzwerte f\u00fcr die Luftschadstoffe Schwefeldioxid (SO2), Kohlenmonoxid (CO), Benzol, Stickstoffdioxid (NO2) und Feinstaub(PM10), die im Vergleich zu den fr\u00fcheren EU-Grenzwerten zum Teil deutlich versch\u00e4rft wurden.<\/p>\n<\/p>\n  <\/div>\n\n\n<div class=\"text-title-block container text-left mt-100 mb-100\">\n  \n      <h2 class=\"h2\">Deutschland \/ Gesetzliche Grundlagen<\/h2>\n  \n\n      <p><p>Gesetzliche Grundlagen in Deutschland sind die Verordnung zum Erlass und zur \u00c4nderung von Vorschriften \u00fcber die Kennzeichnung emissionsarmer Kraftfahrzeuge und die Stra\u00dfenverkehrs-Ordnung (StVO). Gem\u00e4\u00df \u00a7 41 StVO[2] wurde hierf\u00fcr ein neues Vorschriftzeichen mit der Nummer 270.1 (Beginn eines Verkehrsverbots zur Verminderung sch\u00e4dlicher Luftverunreinigungen in einer Zone) in den amtlichen Verkehrszeichenkatalog (VzKat) aufgenommen. Das bisherige Zeichen 270 (Verkehrsverbot bei Smog) wurde durch die neuen Zeichen 270.1 und 270.2 ersetzt, die den Beginn und das Ende einer Umweltzone anzeigen. Hier gilt ein Fahrverbot f\u00fcr alle Kraftfahrzeuge, sofern nicht bestimmte Ausnahmekriterien erf\u00fcllt werden. Das Zeichen 270.1 kann durch ein Zusatzzeichen erg\u00e4nzt werden, das Fahrzeuge mit einer entsprechend angezeigten Plakette von dem Fahrverbot ausnimmt.<\/p>\n<p>Siehe \u00dcbersicht der Umweltzonen in Deutschland<\/p>\n<p>Neue Umweltzonen und Ma\u00dfnahmen gegen Stickstoffdioxid<\/p>\n<p>Seit den letzten Jahren hat man in allen gr\u00f6\u00dferen St\u00e4dten die Umweltzonen eingerichtet, diese sind nur noch mit einer gr\u00fcnen Umweltplakette zu befahren. D.h. Nur Fahrzeuge mit Euro 4, 5 und 6 Norm d\u00fcrfen rein.<\/p>\n<p>Viele St\u00e4dte und Gemeinden m\u00fcssen aktuell zus\u00e4tzlich Ma\u00dfnahmen ergreifen, um die Luftbelastung durch Stickstoffdioxid zu senken. Denn seit 01.01.2015 sind alle Kommunen verpflichtet, den Grenzwert f\u00fcr den gesundheitssch\u00e4dlichen Stoff einzuhalten. Die EU r\u00e4umte 24 Regionen letztmalig eine Fristverl\u00e4ngerung bis Ende 2014 ein. Da Stickstoffdioxid ein Bestandteil von PKW- und LKW-Abgasen ist, helfen vor allem Ma\u00dfnahmen im Verkehrsbereich.<\/p>\n<p>Weniger Feinstaub durch Umweltzonen<\/p>\n<p>Die Wirksamkeit einer Umweltzone h\u00e4ngt von vielen Faktoren ab. In der ersten Stufe \u2013 wenn vergleichsweise wenige Fahrzeuge ohne Plakette ausgesperrt werden \u2013 k\u00f6nnen eine etwa zweiprozentige Verminderung, bezogen auf den Jahresmittelwert, und etwa f\u00fcnf \u00dcberschreitungstage weniger erwartet werden. In der erweiterten Stufe \u2013 wenn nur Fahrzeuge mit der gr\u00fcnen Plakette einfahren d\u00fcrfen \u2013 wird die Luft in den Innenst\u00e4dten deutlich sauberer: 10 bis 12 Prozent weniger Feinstaub, das entspricht 20 \u00dcberschreitungstage weniger. Auch die Belastung von Stickstoffdioxid sinkt in Umweltzonen, allerdings weniger als erwartet.<\/p>\n<p>In den Umweltzonen d\u00fcrfen nur die Fahrzeuge fahren, die hierf\u00fcr mit einer Plakette gekennzeichnet sind.<\/p>\n<p>Das Umweltbundesamt stellt die von den L\u00e4ndern und Kommunen gemeldeten Informationen \u00fcber die Umweltzonen in einer \u00dcbersicht f\u00fcr das gesamte Gebiet der Bundesrepublik zusammen. F\u00fcr die Aktualit\u00e4t, Vollst\u00e4ndigkeit und Richtigkeit der Angaben sind die jeweiligen Kommunen verantwortlich.<\/p>\n<\/p>\n  <\/div>\n\n\n<div class=\"text-title-block container text-left mt-100 mb-100\">\n  \n      <h3 class=\"h3\">Die Umweltplakette\/Feinstaubplakette \u2013 Umweltzonen und Schadstoffgruppen in Deutschland<\/h3>\n  \n\n      <p><p>Bereits seit dem 01.03.2007 wurden in Deutschland in St\u00e4dten und Kommunen Fahrverbote in Umweltzonen erlassen. Voraussetzung war, dass diese durch die Stadt oder die Kommune zuvor besonders als Umweltzone gekennzeichnet worden sind. Die ersten Umweltzonen wurden zum 1. Januar 2008 in den St\u00e4dten Berlin, K\u00f6ln und Hannover eingerichtet. Nach Dortmund mit der Kleinumweltzone Brackeler Stra\u00dfe am 12.01.2008 folgten am 01.03.2008 die acht Baden-W\u00fcrttemberger St\u00e4dte Ilsfeld, Leonberg, Ludwigsburg, Mannheim, M\u00fchlacker, Reutlingen, Schw\u00e4bisch-Gm\u00fcnd, Stuttgart und T\u00fcbingen. Ab 2014 sind nun schon \u00fcber 70 Umweltzonen eingerichtet.<\/p>\n<p>Die besonders durch den Feinstaub gef\u00e4hrdeten Bereiche m\u00fcssen durch das Zeichen  270.1 als \u201eUmweltzone\u201c gekennzeichnet sein. Auf dem dazu notwendigen Zusatzzeichen wird dann geregelt, welche Fahrzeuge mit welchen Umwelt-Plakettenfarben dort Zufahrt haben. Aufgehoben wird die Umweltzone durch das Zeichen 270.2.<\/p>\n<\/p>\n  <\/div>\n\n\n<div class=\"contact-block w-100 py-5 d-block mt-30 mb-30\">\n  <div class=\"container\">\n          <h2 class=\"text-center text-white mb-4\">Kontaktiere uns<\/h2>\n    \n    <script type=\"text\/javascript\">\n\/* <![CDATA[ *\/\nvar gform;gform||(document.addEventListener(\"gform_main_scripts_loaded\",function(){gform.scriptsLoaded=!0}),document.addEventListener(\"gform\/theme\/scripts_loaded\",function(){gform.themeScriptsLoaded=!0}),window.addEventListener(\"DOMContentLoaded\",function(){gform.domLoaded=!0}),gform={domLoaded:!1,scriptsLoaded:!1,themeScriptsLoaded:!1,isFormEditor:()=>\"function\"==typeof InitializeEditor,callIfLoaded:function(o){return!(!gform.domLoaded||!gform.scriptsLoaded||!gform.themeScriptsLoaded&&!gform.isFormEditor()||(gform.isFormEditor()&&console.warn(\"The use of gform.initializeOnLoaded() is deprecated in the form editor context and will be removed in Gravity Forms 3.1.\"),o(),0))},initializeOnLoaded:function(o){gform.callIfLoaded(o)||(document.addEventListener(\"gform_main_scripts_loaded\",()=>{gform.scriptsLoaded=!0,gform.callIfLoaded(o)}),document.addEventListener(\"gform\/theme\/scripts_loaded\",()=>{gform.themeScriptsLoaded=!0,gform.callIfLoaded(o)}),window.addEventListener(\"DOMContentLoaded\",()=>{gform.domLoaded=!0,gform.callIfLoaded(o)}))},hooks:{action:{},filter:{}},addAction:function(o,r,e,t){gform.addHook(\"action\",o,r,e,t)},addFilter:function(o,r,e,t){gform.addHook(\"filter\",o,r,e,t)},doAction:function(o){gform.doHook(\"action\",o,arguments)},applyFilters:function(o){return gform.doHook(\"filter\",o,arguments)},removeAction:function(o,r){gform.removeHook(\"action\",o,r)},removeFilter:function(o,r,e){gform.removeHook(\"filter\",o,r,e)},addHook:function(o,r,e,t,n){null==gform.hooks[o][r]&&(gform.hooks[o][r]=[]);var d=gform.hooks[o][r];null==n&&(n=r+\"_\"+d.length),gform.hooks[o][r].push({tag:n,callable:e,priority:t=null==t?10:t})},doHook:function(r,o,e){var t;if(e=Array.prototype.slice.call(e,1),null!=gform.hooks[r][o]&&((o=gform.hooks[r][o]).sort(function(o,r){return o.priority-r.priority}),o.forEach(function(o){\"function\"!=typeof(t=o.callable)&&(t=window[t]),\"action\"==r?t.apply(null,e):e[0]=t.apply(null,e)})),\"filter\"==r)return e[0]},removeHook:function(o,r,t,n){var e;null!=gform.hooks[o][r]&&(e=(e=gform.hooks[o][r]).filter(function(o,r,e){return!!(null!=n&&n!=o.tag||null!=t&&t!=o.priority)}),gform.hooks[o][r]=e)}});\n\/* ]]> *\/\n<\/script>\n\n                <div class='gf_browser_gecko gform_wrapper gform_legacy_markup_wrapper gform-theme--no-framework' data-form-theme='legacy' data-form-index='0' id='gform_wrapper_4' >\n                        <div class='gform_heading'>\n                            <p class='gform_description'><\/p>\n                        <\/div><form method='post' enctype='multipart\/form-data'  id='gform_4'  action='\/de\/wp-json\/wp\/v2\/pages\/3998' data-formid='4' novalidate>\n                        <div class='gform-body gform_body'><ul id='gform_fields_4' class='gform_fields top_label form_sublabel_below description_below validation_below'><li id=\"field_4_7\" class=\"gfield gfield--type-honeypot gform_validation_container field_sublabel_below gfield--has-description field_description_below field_validation_below gfield_visibility_visible\"  ><label class='gfield_label gform-field-label' for='input_4_7'>X\/Twitter<\/label><div class='ginput_container'><input name='input_7' id='input_4_7' type='text' value='' autocomplete='new-password'\/><\/div><div class='gfield_description' id='gfield_description_4_7'>Dieses Feld dient zur Validierung und sollte nicht ver\u00e4ndert werden.<\/div><\/li><li id=\"field_4_1\" class=\"gfield gfield--type-text field_sublabel_below gfield--no-description field_description_below field_validation_below gfield_visibility_visible\"  ><label class='gfield_label gform-field-label' for='input_4_1'>Name<\/label><div class='ginput_container ginput_container_text'><input name='input_1' id='input_4_1' type='text' value='' class='medium'    placeholder='Name'  aria-invalid=\"false\"   \/><\/div><\/li><li id=\"field_4_2\" class=\"gfield gfield--type-text field_sublabel_below gfield--no-description field_description_below field_validation_below gfield_visibility_visible\"  ><label class='gfield_label gform-field-label' for='input_4_2'>Land<\/label><div class='ginput_container ginput_container_text'><input name='input_2' id='input_4_2' type='text' value='' class='medium'    placeholder='Land'  aria-invalid=\"false\"   \/><\/div><\/li><li id=\"field_4_3\" class=\"gfield gfield--type-text field_sublabel_below gfield--no-description field_description_below field_validation_below gfield_visibility_visible\"  ><label class='gfield_label gform-field-label' for='input_4_3'>Email<\/label><div class='ginput_container ginput_container_text'><input name='input_3' id='input_4_3' type='text' value='' class='medium'    placeholder='Email'  aria-invalid=\"false\"   \/><\/div><\/li><li id=\"field_4_4\" class=\"gfield gfield--type-text field_sublabel_below gfield--no-description field_description_below field_validation_below gfield_visibility_visible\"  ><label class='gfield_label gform-field-label' for='input_4_4'>Telefonnummer<\/label><div class='ginput_container ginput_container_text'><input name='input_4' id='input_4_4' type='text' value='' class='medium'    placeholder='Telefonnummer'  aria-invalid=\"false\"   \/><\/div><\/li><li id=\"field_4_5\" class=\"gfield gfield--type-textarea field_sublabel_below gfield--no-description field_description_below field_validation_below gfield_visibility_visible\"  ><label class='gfield_label gform-field-label' for='input_4_5'>Deine Nachricht<\/label><div class='ginput_container ginput_container_textarea'><textarea name='input_5' id='input_4_5' class='textarea medium'    placeholder='Deine Nachricht'  aria-invalid=\"false\"   rows='10' cols='50'><\/textarea><\/div><\/li><li id=\"field_4_6\" class=\"gfield gfield--type-captcha field_sublabel_below gfield--no-description field_description_below field_validation_below gfield_visibility_visible\"  ><label class='gfield_label gform-field-label' for='input_4_6'>CAPTCHA<\/label><div id='input_4_6' class='ginput_container ginput_recaptcha' data-sitekey='6LfFqPMUAAAAADxrhmUk3II65cUMz4qCvA2g3Ivl'  data-theme='light' data-tabindex='0'  data-badge=''><\/div><\/li><\/ul><\/div>\n        <div class='gform-footer gform_footer top_label'> <input type='submit' id='gform_submit_button_4' class='gform_button button' onclick='gform.submission.handleButtonClick(this);' data-submission-type='submit' value='Senden'  \/> \n            <input type='hidden' class='gform_hidden' name='gform_submission_method' data-js='gform_submission_method_4' value='postback' \/>\n            <input type='hidden' class='gform_hidden' name='gform_theme' data-js='gform_theme_4' id='gform_theme_4' value='legacy' \/>\n            <input type='hidden' class='gform_hidden' name='gform_style_settings' data-js='gform_style_settings_4' id='gform_style_settings_4' value='[]' \/>\n            <input type='hidden' class='gform_hidden' name='is_submit_4' value='1' \/>\n            <input type='hidden' class='gform_hidden' name='gform_submit' value='4' \/>\n            \n            <input type='hidden' class='gform_hidden' name='gform_currency' data-currency='USD' value='7bLUvvRUsgScZf8zApOpmB9Asygf0HoAZKW2FqR2PgJOmQu7zA3anI67MV5ZvNEbcwfY3d38g8wFAZqURH5onFYlszzSq6IvlFjwbBz3x7cDERg=' \/>\n            <input type='hidden' class='gform_hidden' name='gform_unique_id' value='' \/>\n            <input type='hidden' class='gform_hidden' name='state_4' value='WyJbXSIsIjg4Mjg4OGJiZWEwMDMxZDkwNDg0YzZlYzAyYTUwMTg4Il0=' \/>\n            <input type='hidden' autocomplete='off' class='gform_hidden' name='gform_target_page_number_4' id='gform_target_page_number_4' value='0' \/>\n            <input type='hidden' autocomplete='off' class='gform_hidden' name='gform_source_page_number_4' id='gform_source_page_number_4' value='1' \/>\n            <input type='hidden' name='gform_field_values' value='' \/>\n            \n        <\/div>\n                        <\/form>\n                        <\/div><script type=\"text\/javascript\">\n\/* <![CDATA[ *\/\ndocument.addEventListener( \"DOMContentLoaded\", function() { gform.initializeOnLoaded( function() {gformInitSpinner( 4, 'https:\/\/stage.ehcteknik.com\/wp-content\/plugins\/gravityforms\/images\/spinner.svg', true );jQuery('#gform_ajax_frame_4').on('load',function(){var contents = jQuery(this).contents().find('*').html();var is_postback = contents.indexOf('GF_AJAX_POSTBACK') >= 0;if(!is_postback){return;}var form_content = jQuery(this).contents().find('#gform_wrapper_4');var is_confirmation = jQuery(this).contents().find('#gform_confirmation_wrapper_4').length > 0;var is_redirect = contents.indexOf('gformRedirect(){') >= 0;var is_form = form_content.length > 0 && ! is_redirect && ! is_confirmation;var mt = parseInt(jQuery('html').css('margin-top'), 10) + parseInt(jQuery('body').css('margin-top'), 10) + 100;if(is_form){jQuery('#gform_wrapper_4').html(form_content.html());if(form_content.hasClass('gform_validation_error')){jQuery('#gform_wrapper_4').addClass('gform_validation_error');} else {jQuery('#gform_wrapper_4').removeClass('gform_validation_error');}setTimeout( function() { \/* delay the scroll by 50 milliseconds to fix a bug in chrome *\/  }, 50 );if(window['gformInitDatepicker']) {gformInitDatepicker();}if(window['gformInitPriceFields']) {gformInitPriceFields();}var current_page = jQuery('#gform_source_page_number_4').val();gformInitSpinner( 4, 'https:\/\/stage.ehcteknik.com\/wp-content\/plugins\/gravityforms\/images\/spinner.svg', true );jQuery(document).trigger('gform_page_loaded', [4, current_page]);window['gf_submitting_4'] = false;}else if(!is_redirect){var confirmation_content = jQuery(this).contents().find('.GF_AJAX_POSTBACK').html();if(!confirmation_content){confirmation_content = contents;}jQuery('#gform_wrapper_4').replaceWith(confirmation_content);jQuery(document).trigger('gform_confirmation_loaded', [4]);window['gf_submitting_4'] = false;wp.a11y.speak(jQuery('#gform_confirmation_message_4').text());}else{jQuery('#gform_4').append(contents);if(window['gformRedirect']) {gformRedirect();}}jQuery(document).trigger(\"gform_pre_post_render\", [{ formId: \"4\", currentPage: \"current_page\", abort: function() { this.preventDefault(); } }]);        if (event && event.defaultPrevented) {                return;        }        const gformWrapperDiv = document.getElementById( \"gform_wrapper_4\" );        if ( gformWrapperDiv ) {            const visibilitySpan = document.createElement( \"span\" );            visibilitySpan.id = \"gform_visibility_test_4\";            gformWrapperDiv.insertAdjacentElement( \"afterend\", visibilitySpan );        }        const visibilityTestDiv = document.getElementById( \"gform_visibility_test_4\" );        let postRenderFired = false;        function triggerPostRender() {            if ( postRenderFired ) {                return;            }            postRenderFired = true;            gform.core.triggerPostRenderEvents( 4, current_page );            if ( visibilityTestDiv ) {                visibilityTestDiv.parentNode.removeChild( visibilityTestDiv );            }        }        function debounce( func, wait, immediate ) {            var timeout;            return function() {                var context = this, args = arguments;                var later = function() {                    timeout = null;                    if ( !immediate ) func.apply( context, args );                };                var callNow = immediate && !timeout;                clearTimeout( timeout );                timeout = setTimeout( later, wait );                if ( callNow ) func.apply( context, args );            };        }        const debouncedTriggerPostRender = debounce( function() {            triggerPostRender();        }, 200 );        if ( visibilityTestDiv && visibilityTestDiv.offsetParent === null ) {            const observer = new MutationObserver( ( mutations ) => {                mutations.forEach( ( mutation ) => {                    if ( mutation.type === 'attributes' && visibilityTestDiv.offsetParent !== null ) {                        debouncedTriggerPostRender();                        observer.disconnect();                    }                });            });            observer.observe( document.body, {                attributes: true,                childList: false,                subtree: true,                attributeFilter: [ 'style', 'class' ],            });        } else {            triggerPostRender();        }    } );} );  }, false );\n\/* ]]> *\/\n<\/script>\n  <\/div>\n<\/div>","protected":false},"excerpt":{"rendered":"","protected":false},"author":6,"featured_media":0,"parent":0,"menu_order":0,"comment_status":"closed","ping_status":"closed","template":"","meta":{"_acf_changed":false,"footnotes":""},"class_list":["post-3998","page","type-page","status-publish","hentry"],"acf":[],"yoast_head":"<!-- This site is optimized with the Yoast SEO plugin v24.2 - https:\/\/yoast.com\/wordpress\/plugins\/seo\/ -->\n<title>Deutsche Umwelt-Zonen | EHC Teknik<\/title>\n<meta name=\"robots\" content=\"noindex, follow, max-snippet:-1, max-image-preview:large, max-video-preview:-1\" \/>\n<meta property=\"og:locale\" content=\"de_DE\" \/>\n<meta property=\"og:type\" content=\"article\" \/>\n<meta property=\"og:title\" content=\"Deutsche Umwelt-Zonen | EHC Teknik\" \/>\n<meta property=\"og:url\" content=\"https:\/\/stage.ehcteknik.com\/de\/deutsche-umwelt-zonen\/\" \/>\n<meta property=\"og:site_name\" content=\"EHC Teknik\" \/>\n<meta property=\"article:modified_time\" content=\"2020-05-15T06:17:59+00:00\" \/>\n<meta name=\"twitter:card\" content=\"summary_large_image\" \/>\n<script type=\"application\/ld+json\" class=\"yoast-schema-graph\">{\"@context\":\"https:\/\/schema.org\",\"@graph\":[{\"@type\":\"WebPage\",\"@id\":\"https:\/\/stage.ehcteknik.com\/de\/deutsche-umwelt-zonen\/\",\"url\":\"https:\/\/stage.ehcteknik.com\/de\/deutsche-umwelt-zonen\/\",\"name\":\"Deutsche Umwelt-Zonen | EHC Teknik\",\"isPartOf\":{\"@id\":\"https:\/\/stage.ehcteknik.com\/de\/#website\"},\"datePublished\":\"2020-01-29T10:48:45+00:00\",\"dateModified\":\"2020-05-15T06:17:59+00:00\",\"breadcrumb\":{\"@id\":\"https:\/\/stage.ehcteknik.com\/de\/deutsche-umwelt-zonen\/#breadcrumb\"},\"inLanguage\":\"de\",\"potentialAction\":[{\"@type\":\"ReadAction\",\"target\":[\"https:\/\/stage.ehcteknik.com\/de\/deutsche-umwelt-zonen\/\"]}]},{\"@type\":\"BreadcrumbList\",\"@id\":\"https:\/\/stage.ehcteknik.com\/de\/deutsche-umwelt-zonen\/#breadcrumb\",\"itemListElement\":[{\"@type\":\"ListItem\",\"position\":1,\"name\":\"Home\",\"item\":\"https:\/\/stage.ehcteknik.com\/de\/\"},{\"@type\":\"ListItem\",\"position\":2,\"name\":\"Deutsche Umwelt-Zonen\"}]},{\"@type\":\"WebSite\",\"@id\":\"https:\/\/stage.ehcteknik.com\/de\/#website\",\"url\":\"https:\/\/stage.ehcteknik.com\/de\/\",\"name\":\"EHC Teknik\",\"description\":\"We reduce emissions\",\"publisher\":{\"@id\":\"https:\/\/stage.ehcteknik.com\/de\/#organization\"},\"potentialAction\":[{\"@type\":\"SearchAction\",\"target\":{\"@type\":\"EntryPoint\",\"urlTemplate\":\"https:\/\/stage.ehcteknik.com\/de\/?s={search_term_string}\"},\"query-input\":{\"@type\":\"PropertyValueSpecification\",\"valueRequired\":true,\"valueName\":\"search_term_string\"}}],\"inLanguage\":\"de\"},{\"@type\":\"Organization\",\"@id\":\"https:\/\/stage.ehcteknik.com\/de\/#organization\",\"name\":\"EHC Teknik\",\"url\":\"https:\/\/stage.ehcteknik.com\/de\/\",\"logo\":{\"@type\":\"ImageObject\",\"inLanguage\":\"de\",\"@id\":\"https:\/\/stage.ehcteknik.com\/de\/#\/schema\/logo\/image\/\",\"url\":\"https:\/\/stage.ehcteknik.com\/wp-content\/uploads\/2020\/11\/logo.jpg\",\"contentUrl\":\"https:\/\/stage.ehcteknik.com\/wp-content\/uploads\/2020\/11\/logo.jpg\",\"width\":205,\"height\":58,\"caption\":\"EHC Teknik\"},\"image\":{\"@id\":\"https:\/\/stage.ehcteknik.com\/de\/#\/schema\/logo\/image\/\"}}]}<\/script>\n<!-- \/ Yoast SEO plugin. -->","yoast_head_json":{"title":"Deutsche Umwelt-Zonen | EHC Teknik","robots":{"index":"noindex","follow":"follow","max-snippet":"max-snippet:-1","max-image-preview":"max-image-preview:large","max-video-preview":"max-video-preview:-1"},"og_locale":"de_DE","og_type":"article","og_title":"Deutsche Umwelt-Zonen | EHC Teknik","og_url":"https:\/\/stage.ehcteknik.com\/de\/deutsche-umwelt-zonen\/","og_site_name":"EHC Teknik","article_modified_time":"2020-05-15T06:17:59+00:00","twitter_card":"summary_large_image","schema":{"@context":"https:\/\/schema.org","@graph":[{"@type":"WebPage","@id":"https:\/\/stage.ehcteknik.com\/de\/deutsche-umwelt-zonen\/","url":"https:\/\/stage.ehcteknik.com\/de\/deutsche-umwelt-zonen\/","name":"Deutsche Umwelt-Zonen | EHC Teknik","isPartOf":{"@id":"https:\/\/stage.ehcteknik.com\/de\/#website"},"datePublished":"2020-01-29T10:48:45+00:00","dateModified":"2020-05-15T06:17:59+00:00","breadcrumb":{"@id":"https:\/\/stage.ehcteknik.com\/de\/deutsche-umwelt-zonen\/#breadcrumb"},"inLanguage":"de","potentialAction":[{"@type":"ReadAction","target":["https:\/\/stage.ehcteknik.com\/de\/deutsche-umwelt-zonen\/"]}]},{"@type":"BreadcrumbList","@id":"https:\/\/stage.ehcteknik.com\/de\/deutsche-umwelt-zonen\/#breadcrumb","itemListElement":[{"@type":"ListItem","position":1,"name":"Home","item":"https:\/\/stage.ehcteknik.com\/de\/"},{"@type":"ListItem","position":2,"name":"Deutsche Umwelt-Zonen"}]},{"@type":"WebSite","@id":"https:\/\/stage.ehcteknik.com\/de\/#website","url":"https:\/\/stage.ehcteknik.com\/de\/","name":"EHC Teknik","description":"We reduce emissions","publisher":{"@id":"https:\/\/stage.ehcteknik.com\/de\/#organization"},"potentialAction":[{"@type":"SearchAction","target":{"@type":"EntryPoint","urlTemplate":"https:\/\/stage.ehcteknik.com\/de\/?s={search_term_string}"},"query-input":{"@type":"PropertyValueSpecification","valueRequired":true,"valueName":"search_term_string"}}],"inLanguage":"de"},{"@type":"Organization","@id":"https:\/\/stage.ehcteknik.com\/de\/#organization","name":"EHC Teknik","url":"https:\/\/stage.ehcteknik.com\/de\/","logo":{"@type":"ImageObject","inLanguage":"de","@id":"https:\/\/stage.ehcteknik.com\/de\/#\/schema\/logo\/image\/","url":"https:\/\/stage.ehcteknik.com\/wp-content\/uploads\/2020\/11\/logo.jpg","contentUrl":"https:\/\/stage.ehcteknik.com\/wp-content\/uploads\/2020\/11\/logo.jpg","width":205,"height":58,"caption":"EHC Teknik"},"image":{"@id":"https:\/\/stage.ehcteknik.com\/de\/#\/schema\/logo\/image\/"}}]}},"_links":{"self":[{"href":"https:\/\/stage.ehcteknik.com\/de\/wp-json\/wp\/v2\/pages\/3998","targetHints":{"allow":["GET"]}}],"collection":[{"href":"https:\/\/stage.ehcteknik.com\/de\/wp-json\/wp\/v2\/pages"}],"about":[{"href":"https:\/\/stage.ehcteknik.com\/de\/wp-json\/wp\/v2\/types\/page"}],"author":[{"embeddable":true,"href":"https:\/\/stage.ehcteknik.com\/de\/wp-json\/wp\/v2\/users\/6"}],"replies":[{"embeddable":true,"href":"https:\/\/stage.ehcteknik.com\/de\/wp-json\/wp\/v2\/comments?post=3998"}],"version-history":[{"count":12,"href":"https:\/\/stage.ehcteknik.com\/de\/wp-json\/wp\/v2\/pages\/3998\/revisions"}],"predecessor-version":[{"id":6340,"href":"https:\/\/stage.ehcteknik.com\/de\/wp-json\/wp\/v2\/pages\/3998\/revisions\/6340"}],"wp:attachment":[{"href":"https:\/\/stage.ehcteknik.com\/de\/wp-json\/wp\/v2\/media?parent=3998"}],"curies":[{"name":"wp","href":"https:\/\/api.w.org\/{rel}","templated":true}]}}