{"id":12542,"date":"2024-04-24T10:53:45","date_gmt":"2024-04-24T10:53:45","guid":{"rendered":"https:\/\/stage.ehcteknik.com\/?page_id=12542"},"modified":"2024-04-24T10:56:29","modified_gmt":"2024-04-24T10:56:29","slug":"pf-chariots-elevateurs","status":"publish","type":"page","link":"https:\/\/stage.ehcteknik.com\/fr\/vehicules\/pf-chariots-elevateurs\/","title":{"rendered":"PF Chariots \u00e9l\u00e9vateurs"},"content":{"rendered":"<div class=\"image-text-block container mt-100 mb-150\">\n  <div class=\"row\">\n              <div class=\"col-12 col-md-6 image-text text text-vertical-center\">\n            <div>\n              \n              \n                                  <div class=\"bg-primary mb-3\" style=\"width: 86px;height: 4px;\"><\/div>\n                \n                                  <h2 class=\"h1 mb-3\">Filtres en c\u00e9ramique pour chariots \u00e9l\u00e9vateurs<\/h2>\n                \n                <div class=\"text-muted\">\n                  <p>Dans la majorit\u00e9 des casla temp\u00e9rature moyenne des gaz d&rsquo;\u00e9chappement est trop basse pour qu&rsquo;un filtre \u00e0 particules c\u00e9ramique install\u00e9 sur les \u00e9quipements de transport internes, tels que les chariots \u00e9l\u00e9vateurs fonctionne correctement.<\/p>\n<p>Si la temp\u00e9rature moyenne des gaz d&rsquo;\u00e9chappement est trop \u00e9lev\u00e9e pour utiliser un filtre \u00e0 particules avec des cartouches filtrants jetables nos filtres EHC PF peuvent offrir une solution.<\/p>\n<p><a href=\"https:\/\/stage.ehcteknik.com\/fr\/contact\/\" target=\"_blank\" rel=\"noopener\">Cliquez ici<\/a> si vous souhaitez plus d\u2019informations sur nos filtres EHC PF.<\/p>\n                <\/div>\n\n                \n                          <\/div>\n          <\/div>\n                <div class=\"col-12 col-md-6 image-text image \">\n            <div>\n                              <img decoding=\"async\" alt=\"\" src=\"https:\/\/stage.ehcteknik.com\/wp-content\/uploads\/2024\/04\/EHC-Burner-1.jpg\">\n              \n                          <\/div>\n          <\/div>\n        <\/div>\n<\/div>\n\n\n<div class=\"image-text-block container mt-100 mb-150\">\n  <div class=\"row\">\n              <div class=\"col-12 col-md-6 image-text image \">\n            <div>\n                              <img decoding=\"async\" alt=\"\" src=\"https:\/\/stage.ehcteknik.com\/wp-content\/uploads\/2024\/02\/SV-16-1200-PF13CatFire-10-002.jpg\">\n              \n                          <\/div>\n          <\/div>\n                <div class=\"col-12 col-md-6 image-text text text-vertical-center\">\n            <div>\n              \n              \n                                  <div class=\"bg-primary mb-3\" style=\"width: 86px;height: 4px;\"><\/div>\n                \n                                  <h2 class=\"h1 mb-3\">Des particules de diesel dans les mines souterraines<\/h2>\n                \n                <div class=\"text-muted\">\n                  <p>Pour les chariots \u00e9l\u00e9vateurs qui r\u00e9alisent un grand nombre d\u2019heures de fonctionnement par an, il peut \u00e9galement \u00eatre int\u00e9ressant d\u2019installer un filtre \u00e0 particules en c\u00e9ramique au lieu d\u2019un filtre \u00e0 particules \u00e0 cartouches jetables.<\/p>\n<p>Si la temp\u00e9rature moyenne des gaz d&rsquo;\u00e9chappement est trop basse, il existe diff\u00e9rentes possibilit\u00e9s pour r\u00e9g\u00e9n\u00e9rer artificiellement le filtre :<\/p>\n<ul>\n<li>Br\u00fbleur diesel<br \/>\nBr\u00fbleur \u00e9lectrique<br \/>\nSyst\u00e8me CatFire<\/li>\n<\/ul>\n<p>Si vous souhaitez plus d&rsquo;informations sur nos filtres \u00e0 particules en c\u00e9ramique, <a href=\"https:\/\/stage.ehcteknik.com\/fr\/\" target=\"_blank\" rel=\"noopener\">contactez-nous<\/a> pour un conseil sans engagement.<\/p>\n                <\/div>\n\n                \n                          <\/div>\n          <\/div>\n        <\/div>\n<\/div>\n\n\n<div class=\"text-title-block container text-left mt-<br \/>\n<b>Warning<\/b>:  Trying to access array offset on value of type null in <b>\/home\/ehctekni\/stage.ehcteknik.com\/wp-content\/themes\/ehc\/views\/blocks\/text-title.php<\/b> on line <b>1<\/b><br \/>\n mb-<br \/>\n<b>Warning<\/b>:  Trying to access array offset on value of type null in <b>\/home\/ehctekni\/stage.ehcteknik.com\/wp-content\/themes\/ehc\/views\/blocks\/text-title.php<\/b> on line <b>1<\/b><br \/>\n\u00ab\u00a0>\n  \n  \n\n  <\/div>\n\n\n<div class=\"contact-block w-100 py-5 d-block mt-<br \/>\n<b>Warning<\/b>:  Trying to access array offset on value of type null in <b>\/home\/ehctekni\/stage.ehcteknik.com\/wp-content\/themes\/ehc\/views\/blocks\/contact.php<\/b> on line <b>1<\/b><br \/>\n mb-<br \/>\n<b>Warning<\/b>:  Trying to access array offset on value of type null in <b>\/home\/ehctekni\/stage.ehcteknik.com\/wp-content\/themes\/ehc\/views\/blocks\/contact.php<\/b> on line <b>1<\/b><br \/>\n\u00ab\u00a0>\n  <div class=\"container\">\n    \n      <\/div>\n<\/div>","protected":false},"excerpt":{"rendered":"","protected":false},"author":16,"featured_media":0,"parent":8016,"menu_order":0,"comment_status":"closed","ping_status":"closed","template":"","meta":{"_acf_changed":false,"footnotes":""},"class_list":["post-12542","page","type-page","status-publish","hentry"],"acf":[],"yoast_head":"<!-- This site is optimized with the Yoast SEO plugin v24.2 - https:\/\/yoast.com\/wordpress\/plugins\/seo\/ -->\n<title>PF Chariots \u00e9l\u00e9vateurs | EHC Teknik<\/title>\n<meta name=\"description\" content=\"Installez un FAPEHC PF pour r\u00e9duire les \u00e9missions de particules de poussi\u00e8re d&#039;\u00e9chappement mutag\u00e8nes, canc\u00e9rig\u00e8nes et allerg\u00e8nes de &gt;99 %.\" \/>\n<meta name=\"robots\" content=\"noindex, follow, max-snippet:-1, max-image-preview:large, max-video-preview:-1\" \/>\n<meta property=\"og:locale\" content=\"fr_FR\" \/>\n<meta property=\"og:type\" content=\"article\" \/>\n<meta property=\"og:title\" content=\"PF Chariots \u00e9l\u00e9vateurs | EHC Teknik\" \/>\n<meta property=\"og:description\" content=\"Installez un FAPEHC PF pour r\u00e9duire les \u00e9missions de particules de poussi\u00e8re d&#039;\u00e9chappement mutag\u00e8nes, canc\u00e9rig\u00e8nes et allerg\u00e8nes de &gt;99 %.\" \/>\n<meta property=\"og:url\" content=\"https:\/\/stage.ehcteknik.com\/fr\/vehicules\/pf-chariots-elevateurs\/\" \/>\n<meta property=\"og:site_name\" content=\"EHC Teknik\" \/>\n<meta property=\"article:modified_time\" content=\"2024-04-24T10:56:29+00:00\" \/>\n<meta name=\"twitter:card\" content=\"summary_large_image\" \/>\n<script type=\"application\/ld+json\" class=\"yoast-schema-graph\">{\"@context\":\"https:\/\/schema.org\",\"@graph\":[{\"@type\":\"WebPage\",\"@id\":\"https:\/\/stage.ehcteknik.com\/fr\/vehicules\/pf-chariots-elevateurs\/\",\"url\":\"https:\/\/stage.ehcteknik.com\/fr\/vehicules\/pf-chariots-elevateurs\/\",\"name\":\"PF Chariots \u00e9l\u00e9vateurs | EHC Teknik\",\"isPartOf\":{\"@id\":\"https:\/\/stage.ehcteknik.com\/fr\/#website\"},\"datePublished\":\"2024-04-24T10:53:45+00:00\",\"dateModified\":\"2024-04-24T10:56:29+00:00\",\"description\":\"Installez un FAPEHC PF pour r\u00e9duire les \u00e9missions de particules de poussi\u00e8re d'\u00e9chappement mutag\u00e8nes, canc\u00e9rig\u00e8nes et allerg\u00e8nes de >99 %.\",\"breadcrumb\":{\"@id\":\"https:\/\/stage.ehcteknik.com\/fr\/vehicules\/pf-chariots-elevateurs\/#breadcrumb\"},\"inLanguage\":\"fr-FR\",\"potentialAction\":[{\"@type\":\"ReadAction\",\"target\":[\"https:\/\/stage.ehcteknik.com\/fr\/vehicules\/pf-chariots-elevateurs\/\"]}]},{\"@type\":\"BreadcrumbList\",\"@id\":\"https:\/\/stage.ehcteknik.com\/fr\/vehicules\/pf-chariots-elevateurs\/#breadcrumb\",\"itemListElement\":[{\"@type\":\"ListItem\",\"position\":1,\"name\":\"Home\",\"item\":\"https:\/\/stage.ehcteknik.com\/fr\/\"},{\"@type\":\"ListItem\",\"position\":2,\"name\":\"Applications\",\"item\":\"https:\/\/stage.ehcteknik.com\/fr\/vehicules\/\"},{\"@type\":\"ListItem\",\"position\":3,\"name\":\"PF Chariots \u00e9l\u00e9vateurs\"}]},{\"@type\":\"WebSite\",\"@id\":\"https:\/\/stage.ehcteknik.com\/fr\/#website\",\"url\":\"https:\/\/stage.ehcteknik.com\/fr\/\",\"name\":\"EHC Teknik\",\"description\":\"We reduce emissions\",\"publisher\":{\"@id\":\"https:\/\/stage.ehcteknik.com\/fr\/#organization\"},\"potentialAction\":[{\"@type\":\"SearchAction\",\"target\":{\"@type\":\"EntryPoint\",\"urlTemplate\":\"https:\/\/stage.ehcteknik.com\/fr\/?s={search_term_string}\"},\"query-input\":{\"@type\":\"PropertyValueSpecification\",\"valueRequired\":true,\"valueName\":\"search_term_string\"}}],\"inLanguage\":\"fr-FR\"},{\"@type\":\"Organization\",\"@id\":\"https:\/\/stage.ehcteknik.com\/fr\/#organization\",\"name\":\"EHC Teknik\",\"url\":\"https:\/\/stage.ehcteknik.com\/fr\/\",\"logo\":{\"@type\":\"ImageObject\",\"inLanguage\":\"fr-FR\",\"@id\":\"https:\/\/stage.ehcteknik.com\/fr\/#\/schema\/logo\/image\/\",\"url\":\"https:\/\/stage.ehcteknik.com\/wp-content\/uploads\/2020\/11\/logo.jpg\",\"contentUrl\":\"https:\/\/stage.ehcteknik.com\/wp-content\/uploads\/2020\/11\/logo.jpg\",\"width\":205,\"height\":58,\"caption\":\"EHC Teknik\"},\"image\":{\"@id\":\"https:\/\/stage.ehcteknik.com\/fr\/#\/schema\/logo\/image\/\"}}]}<\/script>\n<!-- \/ Yoast SEO plugin. -->","yoast_head_json":{"title":"PF Chariots \u00e9l\u00e9vateurs | EHC Teknik","description":"Installez un FAPEHC PF pour r\u00e9duire les \u00e9missions de particules de poussi\u00e8re d'\u00e9chappement mutag\u00e8nes, canc\u00e9rig\u00e8nes et allerg\u00e8nes de >99 %.","robots":{"index":"noindex","follow":"follow","max-snippet":"max-snippet:-1","max-image-preview":"max-image-preview:large","max-video-preview":"max-video-preview:-1"},"og_locale":"fr_FR","og_type":"article","og_title":"PF Chariots \u00e9l\u00e9vateurs | EHC Teknik","og_description":"Installez un FAPEHC PF pour r\u00e9duire les \u00e9missions de particules de poussi\u00e8re d'\u00e9chappement mutag\u00e8nes, canc\u00e9rig\u00e8nes et allerg\u00e8nes de >99 %.","og_url":"https:\/\/stage.ehcteknik.com\/fr\/vehicules\/pf-chariots-elevateurs\/","og_site_name":"EHC Teknik","article_modified_time":"2024-04-24T10:56:29+00:00","twitter_card":"summary_large_image","schema":{"@context":"https:\/\/schema.org","@graph":[{"@type":"WebPage","@id":"https:\/\/stage.ehcteknik.com\/fr\/vehicules\/pf-chariots-elevateurs\/","url":"https:\/\/stage.ehcteknik.com\/fr\/vehicules\/pf-chariots-elevateurs\/","name":"PF Chariots \u00e9l\u00e9vateurs | EHC Teknik","isPartOf":{"@id":"https:\/\/stage.ehcteknik.com\/fr\/#website"},"datePublished":"2024-04-24T10:53:45+00:00","dateModified":"2024-04-24T10:56:29+00:00","description":"Installez un FAPEHC PF pour r\u00e9duire les \u00e9missions de particules de poussi\u00e8re d'\u00e9chappement mutag\u00e8nes, canc\u00e9rig\u00e8nes et allerg\u00e8nes de >99 %.","breadcrumb":{"@id":"https:\/\/stage.ehcteknik.com\/fr\/vehicules\/pf-chariots-elevateurs\/#breadcrumb"},"inLanguage":"fr-FR","potentialAction":[{"@type":"ReadAction","target":["https:\/\/stage.ehcteknik.com\/fr\/vehicules\/pf-chariots-elevateurs\/"]}]},{"@type":"BreadcrumbList","@id":"https:\/\/stage.ehcteknik.com\/fr\/vehicules\/pf-chariots-elevateurs\/#breadcrumb","itemListElement":[{"@type":"ListItem","position":1,"name":"Home","item":"https:\/\/stage.ehcteknik.com\/fr\/"},{"@type":"ListItem","position":2,"name":"Applications","item":"https:\/\/stage.ehcteknik.com\/fr\/vehicules\/"},{"@type":"ListItem","position":3,"name":"PF Chariots \u00e9l\u00e9vateurs"}]},{"@type":"WebSite","@id":"https:\/\/stage.ehcteknik.com\/fr\/#website","url":"https:\/\/stage.ehcteknik.com\/fr\/","name":"EHC Teknik","description":"We reduce emissions","publisher":{"@id":"https:\/\/stage.ehcteknik.com\/fr\/#organization"},"potentialAction":[{"@type":"SearchAction","target":{"@type":"EntryPoint","urlTemplate":"https:\/\/stage.ehcteknik.com\/fr\/?s={search_term_string}"},"query-input":{"@type":"PropertyValueSpecification","valueRequired":true,"valueName":"search_term_string"}}],"inLanguage":"fr-FR"},{"@type":"Organization","@id":"https:\/\/stage.ehcteknik.com\/fr\/#organization","name":"EHC Teknik","url":"https:\/\/stage.ehcteknik.com\/fr\/","logo":{"@type":"ImageObject","inLanguage":"fr-FR","@id":"https:\/\/stage.ehcteknik.com\/fr\/#\/schema\/logo\/image\/","url":"https:\/\/stage.ehcteknik.com\/wp-content\/uploads\/2020\/11\/logo.jpg","contentUrl":"https:\/\/stage.ehcteknik.com\/wp-content\/uploads\/2020\/11\/logo.jpg","width":205,"height":58,"caption":"EHC Teknik"},"image":{"@id":"https:\/\/stage.ehcteknik.com\/fr\/#\/schema\/logo\/image\/"}}]}},"_links":{"self":[{"href":"https:\/\/stage.ehcteknik.com\/fr\/wp-json\/wp\/v2\/pages\/12542","targetHints":{"allow":["GET"]}}],"collection":[{"href":"https:\/\/stage.ehcteknik.com\/fr\/wp-json\/wp\/v2\/pages"}],"about":[{"href":"https:\/\/stage.ehcteknik.com\/fr\/wp-json\/wp\/v2\/types\/page"}],"author":[{"embeddable":true,"href":"https:\/\/stage.ehcteknik.com\/fr\/wp-json\/wp\/v2\/users\/16"}],"replies":[{"embeddable":true,"href":"https:\/\/stage.ehcteknik.com\/fr\/wp-json\/wp\/v2\/comments?post=12542"}],"version-history":[{"count":4,"href":"https:\/\/stage.ehcteknik.com\/fr\/wp-json\/wp\/v2\/pages\/12542\/revisions"}],"predecessor-version":[{"id":12549,"href":"https:\/\/stage.ehcteknik.com\/fr\/wp-json\/wp\/v2\/pages\/12542\/revisions\/12549"}],"up":[{"embeddable":true,"href":"https:\/\/stage.ehcteknik.com\/fr\/wp-json\/wp\/v2\/pages\/8016"}],"wp:attachment":[{"href":"https:\/\/stage.ehcteknik.com\/fr\/wp-json\/wp\/v2\/media?parent=12542"}],"curies":[{"name":"wp","href":"https:\/\/api.w.org\/{rel}","templated":true}]}}