{"id":8093,"date":"2021-06-12T15:49:16","date_gmt":"2021-06-12T15:49:16","guid":{"rendered":"https:\/\/stage.ehcteknik.com\/?page_id=8093"},"modified":"2024-04-24T11:38:52","modified_gmt":"2024-04-24T11:38:52","slug":"zone-a-faibles-emissions","status":"publish","type":"page","link":"https:\/\/stage.ehcteknik.com\/fr\/zone-a-faibles-emissions\/","title":{"rendered":"Fum\u00e9e de diesel sur le lieu de travail"},"content":{"rendered":"<div class=\"image-text-block container mt-100 mb-100\">\n  <div class=\"row\">\n              <div class=\"col-12 col-md-6 image-text text text-vertical-center\">\n            <div>\n              \n              \n                                  <div class=\"bg-primary mb-3\" style=\"width: 86px;height: 4px;\"><\/div>\n                \n                                  <h2 class=\"h1 mb-3\">Les gaz d\u2019\u00e9chappement sont nocifs pour la sant\u00e9 !<\/h2>\n                \n                <div class=\"text-muted\">\n                  <p>D\u00e9marrer et d\u00e9placer des v\u00e9hicules\/machines \u00e0 moteur essence ou diesel \u00e0 l&rsquo;int\u00e9rieur pr\u00e9sentent un risque pour la sant\u00e9.<\/p>\n<p>Les groupes professionnels les plus expos\u00e9s comprennent les chauffeurs de camion, le personnel d&rsquo;atelier, le personnel d&rsquo;entrep\u00f4t et le personnel des mines et des ports.\u00a0 Les risques pour la sant\u00e9 sont bien entendu plus \u00e9vidents pour les personnes qui conduisent le v\u00e9hicule ou qui travaillent \u00e0 proximit\u00e9, mais les personnes se trouvant dans les zones adjacentes sont \u00e9galement<br \/>\nexpos\u00e9es aux gaz d&rsquo;\u00e9chappement.<\/p>\n<p>Il est \u00e9galement important de souligner qu\u2019il est plus courant qu\u2019on ne le pense de d\u00e9marrer un v\u00e9hicule \u00e0 l\u2019int\u00e9rieur ou de le conduire sur de courtes distances.<\/p>\n<p><strong>Les plus petites particules constituent le plus gros probl\u00e8me.<\/strong><\/p>\n<p>Les gaz d&rsquo;\u00e9chappement d&rsquo;un moteur sont un m\u00e9lange de particules de gaz et de carbone li\u00e9es \u00e0 diverses<br \/>\nsubstances organiques et non organiques. Les gaz d\u2019\u00e9chappement contiennent plus de 40 substances r\u00e9put\u00e9es dangereuses et canc\u00e9rig\u00e8nes.<\/p>\n<p>L&rsquo;un des probl\u00e8mes est le fait que nous ne pouvons voir \u00e0 l&rsquo;\u0153il nu que des particules mesurant jusqu&rsquo;\u00e0 20 microns, alors que 90 % des particules pr\u00e9sentes dans les gaz d&rsquo;\u00e9chappement sont inf\u00e9rieures \u00e0 1 micron. Cela signifie que nousvoyons rarement des gaz d\u2019\u00e9chappement. Cela s&rsquo;applique en particulier aux moteurs essence et diesel modernes.<\/p>\n<p>C&rsquo;est un fait que les moteurs diesel produisent plus de particules que les v\u00e9hicules essence et la nouvelle g\u00e9n\u00e9ration de moteurs diesel produit principalement de petites particules \u00ab invisibles \u00bb. Un autre probl\u00e8me est le fait que les petites particules plus l\u00e9g\u00e8res restent plus longtemps dans l\u2019air. Le danger des gaz d\u2019\u00e9chappementn\u2019est donc pas du tout r\u00e9solu lorsque votre entreprise modernise sa flotte.<\/p>\n<p><strong>Les particules s&rsquo;attachent aux poumons<\/strong><\/p>\n<p>Chaque fois que vous inhalez des particules, certaines d&rsquo;entre elles s&rsquo;attachent au tissu pulmonaire. Plus les particules sont petites, plus elles p\u00e9n\u00e8trent profond\u00e9ment. Ces particules ultrafines p\u00e9n\u00e8trent dans notre sang via les poumons et se propagent ainsi dans tout le corps. Les effets \u00e0 court terme sont la toux, les probl\u00e8mes respiratoires et les crises d&rsquo;asthme. \u00c0 long terme, les probl\u00e8mes surviennent sous la forme de maladies pulmonaires chroniques, d\u2019une capacit\u00e9 pulmonaire r\u00e9duite et, dans le pire des cas, d\u2019un cancer.<\/p>\n<p>Il existe donc de nombreuses raisons de faire quelque chose pour r\u00e9soudre ce probl\u00e8me. Un syst\u00e8me d&rsquo;extraction dans la pi\u00e8ce est la solution classique, mais dans la plupart des cas, cela n&rsquo;est pas r\u00e9alisable d&rsquo;un point de vue \u00e9conomique et\/ou pratique. Dans ce cas, les filtres \u00e0 gaz d&rsquo;\u00e9chappement EHC offrent la<br \/>\nsolution id\u00e9ale. Un filtre \u00e0 particules EHC bloque 99 % des \u00e9missions de particules dangereuses.<\/p>\n<p><strong>Des questions sur nos filtres \u00e0 gaz d&rsquo;\u00e9chappement ?<\/strong><\/p>\n<p>Souhaitez-vous des conseils sur la meilleure fa\u00e7on de lutter contre les \u00e9missions sur le lieu de travail ? <a href=\"https:\/\/stage.ehcteknik.com\/fr\/contact\/\">Contactez-nous<\/a> sans engagement.<\/p>\n                <\/div>\n\n                \n                          <\/div>\n          <\/div>\n                <div class=\"col-12 col-md-6 image-text image \">\n            <div>\n                              <img decoding=\"async\" alt=\"\" src=\"https:\/\/stage.ehcteknik.com\/wp-content\/uploads\/2024\/02\/001.jpg\">\n              \n                          <\/div>\n          <\/div>\n        <\/div>\n<\/div>\n\n\n<div class=\"contact-block w-100 py-5 d-block mt-30 mb-30\">\n  <div class=\"container\">\n    \n      <\/div>\n<\/div>","protected":false},"excerpt":{"rendered":"","protected":false},"author":16,"featured_media":0,"parent":0,"menu_order":0,"comment_status":"closed","ping_status":"closed","template":"","meta":{"_acf_changed":false,"footnotes":""},"class_list":["post-8093","page","type-page","status-publish","hentry"],"acf":[],"yoast_head":"<!-- This site is optimized with the Yoast SEO plugin v24.2 - https:\/\/yoast.com\/wordpress\/plugins\/seo\/ -->\n<title>Fum\u00e9e de diesel sur le lieu de travail | EHC Teknik<\/title>\n<meta name=\"description\" content=\"Les zones \u00e0 faibles \u00e9missions (ZFE) sont des territoires o\u00f9 les v\u00e9hicules les plus polluants sont interdits. G\u00e9n\u00e9ralement, cela signifie que les v\u00e9hicules aux \u00e9missions assez \u00e9lev\u00e9es ne peuvent y p\u00e9n\u00e9trer.\" \/>\n<meta name=\"robots\" content=\"noindex, follow, max-snippet:-1, max-image-preview:large, max-video-preview:-1\" \/>\n<meta property=\"og:locale\" content=\"fr_FR\" \/>\n<meta property=\"og:type\" content=\"article\" \/>\n<meta property=\"og:title\" content=\"Fum\u00e9e de diesel sur le lieu de travail | EHC Teknik\" \/>\n<meta property=\"og:description\" content=\"Les zones \u00e0 faibles \u00e9missions (ZFE) sont des territoires o\u00f9 les v\u00e9hicules les plus polluants sont interdits. G\u00e9n\u00e9ralement, cela signifie que les v\u00e9hicules aux \u00e9missions assez \u00e9lev\u00e9es ne peuvent y p\u00e9n\u00e9trer.\" \/>\n<meta property=\"og:url\" content=\"https:\/\/stage.ehcteknik.com\/fr\/zone-a-faibles-emissions\/\" \/>\n<meta property=\"og:site_name\" content=\"EHC Teknik\" \/>\n<meta property=\"article:modified_time\" content=\"2024-04-24T11:38:52+00:00\" \/>\n<meta name=\"twitter:card\" content=\"summary_large_image\" \/>\n<script type=\"application\/ld+json\" class=\"yoast-schema-graph\">{\"@context\":\"https:\/\/schema.org\",\"@graph\":[{\"@type\":\"WebPage\",\"@id\":\"https:\/\/stage.ehcteknik.com\/fr\/zone-a-faibles-emissions\/\",\"url\":\"https:\/\/stage.ehcteknik.com\/fr\/zone-a-faibles-emissions\/\",\"name\":\"Fum\u00e9e de diesel sur le lieu de travail | EHC Teknik\",\"isPartOf\":{\"@id\":\"https:\/\/stage.ehcteknik.com\/fr\/#website\"},\"datePublished\":\"2021-06-12T15:49:16+00:00\",\"dateModified\":\"2024-04-24T11:38:52+00:00\",\"description\":\"Les zones \u00e0 faibles \u00e9missions (ZFE) sont des territoires o\u00f9 les v\u00e9hicules les plus polluants sont interdits. G\u00e9n\u00e9ralement, cela signifie que les v\u00e9hicules aux \u00e9missions assez \u00e9lev\u00e9es ne peuvent y p\u00e9n\u00e9trer.\",\"breadcrumb\":{\"@id\":\"https:\/\/stage.ehcteknik.com\/fr\/zone-a-faibles-emissions\/#breadcrumb\"},\"inLanguage\":\"fr-FR\",\"potentialAction\":[{\"@type\":\"ReadAction\",\"target\":[\"https:\/\/stage.ehcteknik.com\/fr\/zone-a-faibles-emissions\/\"]}]},{\"@type\":\"BreadcrumbList\",\"@id\":\"https:\/\/stage.ehcteknik.com\/fr\/zone-a-faibles-emissions\/#breadcrumb\",\"itemListElement\":[{\"@type\":\"ListItem\",\"position\":1,\"name\":\"Home\",\"item\":\"https:\/\/stage.ehcteknik.com\/fr\/\"},{\"@type\":\"ListItem\",\"position\":2,\"name\":\"Fum\u00e9e de diesel sur le lieu de travail\"}]},{\"@type\":\"WebSite\",\"@id\":\"https:\/\/stage.ehcteknik.com\/fr\/#website\",\"url\":\"https:\/\/stage.ehcteknik.com\/fr\/\",\"name\":\"EHC Teknik\",\"description\":\"We reduce emissions\",\"publisher\":{\"@id\":\"https:\/\/stage.ehcteknik.com\/fr\/#organization\"},\"potentialAction\":[{\"@type\":\"SearchAction\",\"target\":{\"@type\":\"EntryPoint\",\"urlTemplate\":\"https:\/\/stage.ehcteknik.com\/fr\/?s={search_term_string}\"},\"query-input\":{\"@type\":\"PropertyValueSpecification\",\"valueRequired\":true,\"valueName\":\"search_term_string\"}}],\"inLanguage\":\"fr-FR\"},{\"@type\":\"Organization\",\"@id\":\"https:\/\/stage.ehcteknik.com\/fr\/#organization\",\"name\":\"EHC Teknik\",\"url\":\"https:\/\/stage.ehcteknik.com\/fr\/\",\"logo\":{\"@type\":\"ImageObject\",\"inLanguage\":\"fr-FR\",\"@id\":\"https:\/\/stage.ehcteknik.com\/fr\/#\/schema\/logo\/image\/\",\"url\":\"https:\/\/stage.ehcteknik.com\/wp-content\/uploads\/2020\/11\/logo.jpg\",\"contentUrl\":\"https:\/\/stage.ehcteknik.com\/wp-content\/uploads\/2020\/11\/logo.jpg\",\"width\":205,\"height\":58,\"caption\":\"EHC Teknik\"},\"image\":{\"@id\":\"https:\/\/stage.ehcteknik.com\/fr\/#\/schema\/logo\/image\/\"}}]}<\/script>\n<!-- \/ Yoast SEO plugin. -->","yoast_head_json":{"title":"Fum\u00e9e de diesel sur le lieu de travail | EHC Teknik","description":"Les zones \u00e0 faibles \u00e9missions (ZFE) sont des territoires o\u00f9 les v\u00e9hicules les plus polluants sont interdits. G\u00e9n\u00e9ralement, cela signifie que les v\u00e9hicules aux \u00e9missions assez \u00e9lev\u00e9es ne peuvent y p\u00e9n\u00e9trer.","robots":{"index":"noindex","follow":"follow","max-snippet":"max-snippet:-1","max-image-preview":"max-image-preview:large","max-video-preview":"max-video-preview:-1"},"og_locale":"fr_FR","og_type":"article","og_title":"Fum\u00e9e de diesel sur le lieu de travail | EHC Teknik","og_description":"Les zones \u00e0 faibles \u00e9missions (ZFE) sont des territoires o\u00f9 les v\u00e9hicules les plus polluants sont interdits. G\u00e9n\u00e9ralement, cela signifie que les v\u00e9hicules aux \u00e9missions assez \u00e9lev\u00e9es ne peuvent y p\u00e9n\u00e9trer.","og_url":"https:\/\/stage.ehcteknik.com\/fr\/zone-a-faibles-emissions\/","og_site_name":"EHC Teknik","article_modified_time":"2024-04-24T11:38:52+00:00","twitter_card":"summary_large_image","schema":{"@context":"https:\/\/schema.org","@graph":[{"@type":"WebPage","@id":"https:\/\/stage.ehcteknik.com\/fr\/zone-a-faibles-emissions\/","url":"https:\/\/stage.ehcteknik.com\/fr\/zone-a-faibles-emissions\/","name":"Fum\u00e9e de diesel sur le lieu de travail | EHC Teknik","isPartOf":{"@id":"https:\/\/stage.ehcteknik.com\/fr\/#website"},"datePublished":"2021-06-12T15:49:16+00:00","dateModified":"2024-04-24T11:38:52+00:00","description":"Les zones \u00e0 faibles \u00e9missions (ZFE) sont des territoires o\u00f9 les v\u00e9hicules les plus polluants sont interdits. G\u00e9n\u00e9ralement, cela signifie que les v\u00e9hicules aux \u00e9missions assez \u00e9lev\u00e9es ne peuvent y p\u00e9n\u00e9trer.","breadcrumb":{"@id":"https:\/\/stage.ehcteknik.com\/fr\/zone-a-faibles-emissions\/#breadcrumb"},"inLanguage":"fr-FR","potentialAction":[{"@type":"ReadAction","target":["https:\/\/stage.ehcteknik.com\/fr\/zone-a-faibles-emissions\/"]}]},{"@type":"BreadcrumbList","@id":"https:\/\/stage.ehcteknik.com\/fr\/zone-a-faibles-emissions\/#breadcrumb","itemListElement":[{"@type":"ListItem","position":1,"name":"Home","item":"https:\/\/stage.ehcteknik.com\/fr\/"},{"@type":"ListItem","position":2,"name":"Fum\u00e9e de diesel sur le lieu de travail"}]},{"@type":"WebSite","@id":"https:\/\/stage.ehcteknik.com\/fr\/#website","url":"https:\/\/stage.ehcteknik.com\/fr\/","name":"EHC Teknik","description":"We reduce emissions","publisher":{"@id":"https:\/\/stage.ehcteknik.com\/fr\/#organization"},"potentialAction":[{"@type":"SearchAction","target":{"@type":"EntryPoint","urlTemplate":"https:\/\/stage.ehcteknik.com\/fr\/?s={search_term_string}"},"query-input":{"@type":"PropertyValueSpecification","valueRequired":true,"valueName":"search_term_string"}}],"inLanguage":"fr-FR"},{"@type":"Organization","@id":"https:\/\/stage.ehcteknik.com\/fr\/#organization","name":"EHC Teknik","url":"https:\/\/stage.ehcteknik.com\/fr\/","logo":{"@type":"ImageObject","inLanguage":"fr-FR","@id":"https:\/\/stage.ehcteknik.com\/fr\/#\/schema\/logo\/image\/","url":"https:\/\/stage.ehcteknik.com\/wp-content\/uploads\/2020\/11\/logo.jpg","contentUrl":"https:\/\/stage.ehcteknik.com\/wp-content\/uploads\/2020\/11\/logo.jpg","width":205,"height":58,"caption":"EHC Teknik"},"image":{"@id":"https:\/\/stage.ehcteknik.com\/fr\/#\/schema\/logo\/image\/"}}]}},"_links":{"self":[{"href":"https:\/\/stage.ehcteknik.com\/fr\/wp-json\/wp\/v2\/pages\/8093","targetHints":{"allow":["GET"]}}],"collection":[{"href":"https:\/\/stage.ehcteknik.com\/fr\/wp-json\/wp\/v2\/pages"}],"about":[{"href":"https:\/\/stage.ehcteknik.com\/fr\/wp-json\/wp\/v2\/types\/page"}],"author":[{"embeddable":true,"href":"https:\/\/stage.ehcteknik.com\/fr\/wp-json\/wp\/v2\/users\/16"}],"replies":[{"embeddable":true,"href":"https:\/\/stage.ehcteknik.com\/fr\/wp-json\/wp\/v2\/comments?post=8093"}],"version-history":[{"count":14,"href":"https:\/\/stage.ehcteknik.com\/fr\/wp-json\/wp\/v2\/pages\/8093\/revisions"}],"predecessor-version":[{"id":11174,"href":"https:\/\/stage.ehcteknik.com\/fr\/wp-json\/wp\/v2\/pages\/8093\/revisions\/11174"}],"wp:attachment":[{"href":"https:\/\/stage.ehcteknik.com\/fr\/wp-json\/wp\/v2\/media?parent=8093"}],"curies":[{"name":"wp","href":"https:\/\/api.w.org\/{rel}","templated":true}]}}