{"id":8115,"date":"2021-06-12T15:54:19","date_gmt":"2021-06-12T15:54:19","guid":{"rendered":"https:\/\/stage.ehcteknik.com\/?page_id=8115"},"modified":"2021-11-24T15:26:07","modified_gmt":"2021-11-24T15:26:07","slug":"contact","status":"publish","type":"page","link":"https:\/\/stage.ehcteknik.com\/fr\/contact\/","title":{"rendered":"Contact"},"content":{"rendered":"\n<div class=\"grid-images-block container mt-50 mb-50\">\n  <div class=\"row\">\n              <div class=\"col-12 col-md-4 mt-2 text-center grid-image grid-image-free\">\n            <div class=\"grid-image\">\n              <img decoding=\"async\" class=\"icon-size\" src=\"https:\/\/stage.ehcteknik.com\/wp-content\/uploads\/2020\/02\/address-icon.png\" alt=\"La France\">\n\n              <div class=\"title font-weight-bold py-3\">\n                La France              <\/div>\n\n                              <div class=\"description\">\n                  <p><strong>EHC Teknik Benelux\/France<br \/>\n<\/strong>Karel Soetelaan 37<br \/>\n2150 Borsbeek, Belgique<\/p>\n                <\/div>\n                          <\/div>\n          <\/div>\n                <div class=\"col-12 col-md-4 mt-2 text-center grid-image grid-image-free\">\n            <div class=\"grid-image\">\n              <img decoding=\"async\" class=\"icon-size\" src=\"https:\/\/stage.ehcteknik.com\/wp-content\/uploads\/2020\/02\/telephone-icon.png\" alt=\"T\u00e9l\u00e9phone\">\n\n              <div class=\"title font-weight-bold py-3\">\n                T\u00e9l\u00e9phone              <\/div>\n\n                              <div class=\"description\">\n                  <p>+32<u> (0)3\/366.39.36<\/u><\/p>\n<p>&nbsp;<\/p>\n                <\/div>\n                          <\/div>\n          <\/div>\n                <div class=\"col-12 col-md-4 mt-2 text-center grid-image grid-image-free\">\n            <div class=\"grid-image\">\n              <img decoding=\"async\" class=\"icon-size\" src=\"https:\/\/stage.ehcteknik.com\/wp-content\/uploads\/2020\/02\/mail-icon.png\" alt=\"Email\">\n\n              <div class=\"title font-weight-bold py-3\">\n                Email              <\/div>\n\n                              <div class=\"description\">\n                  <p><a href=\"mailto:info@ehcteknik.be\">info@ehcteknik.be<\/a><\/p>\n                <\/div>\n                          <\/div>\n          <\/div>\n        <\/div>\n<\/div>\n\n\n\n<div class=\"grid-images-block container mt-50 mb-50\">\n  <div class=\"row\">\n              <div class=\"col-12 col-md-4 mt-2 text-center grid-image grid-image-free\">\n            <div class=\"grid-image\">\n              <img decoding=\"async\" class=\"icon-size\" src=\"https:\/\/stage.ehcteknik.com\/wp-content\/uploads\/2020\/02\/address-icon.png\" alt=\"Si\u00e8ge social\">\n\n              <div class=\"title font-weight-bold py-3\">\n                Si\u00e8ge social              <\/div>\n\n                              <div class=\"description\">\n                  <p><strong>EHC Teknik ab<\/strong><br \/>\n\u00d6g\u00e4rdesv\u00e4gen 8a<br \/>\n433 30 Partille, Su\u00e8de<\/p>\n                <\/div>\n                          <\/div>\n          <\/div>\n                <div class=\"col-12 col-md-4 mt-2 text-center grid-image grid-image-free\">\n            <div class=\"grid-image\">\n              <img decoding=\"async\" class=\"icon-size\" src=\"https:\/\/stage.ehcteknik.com\/wp-content\/uploads\/2020\/02\/telephone-icon.png\" alt=\"T\u00e9l\u00e9phone\">\n\n              <div class=\"title font-weight-bold py-3\">\n                T\u00e9l\u00e9phone              <\/div>\n\n                              <div class=\"description\">\n                  <p><a class=\"text-body\" href=\"tel:+46 314 490 20\">+46 (0)31 44 90 20<\/a><\/p>\n                <\/div>\n                          <\/div>\n          <\/div>\n                <div class=\"col-12 col-md-4 mt-2 text-center grid-image grid-image-free\">\n            <div class=\"grid-image\">\n              <img decoding=\"async\" class=\"icon-size\" src=\"https:\/\/stage.ehcteknik.com\/wp-content\/uploads\/2020\/02\/mail-icon.png\" alt=\"Email\">\n\n              <div class=\"title font-weight-bold py-3\">\n                Email              <\/div>\n\n                              <div class=\"description\">\n                  <p><a class=\"text-body\" href=\"mailto:office@ehcteknik.se\">office@ehcteknik.se<\/a><\/p>\n                <\/div>\n                          <\/div>\n          <\/div>\n        <\/div>\n<\/div>\n\n\n<div class=\"contact-block w-100 py-5 d-block mt-30 mb-0\">\n  <div class=\"container\">\n    \n      <\/div>\n<\/div>\n\n<div class=\"google-maps-block w-100 d-block mt-0 mb-0\">\n  <iframe src=\"https:\/\/www.google.com\/maps\/embed?pb=!1m18!1m12!1m3!1d2129.2565652362487!2d12.0791085164604!3d57.74606744397723!2m3!1f0!2f0!3f0!3m2!1i1024!2i768!4f13.1!3m3!1m2!1s0x464ff42a6fea888f%3A0xf5a4297e8fa5d7a2!2zw5Znw6RyZGVzdsOkZ2VuIDhBLCA0MzMgMzAgUGFydGlsbGU!5e0!3m2!1ssv!2sse!4v1580750031168!5m2!1ssv!2sse\" width=\"600\" height=\"450\" frameborder=\"0\" style=\"border:0;\" allowfullscreen=\"\"><\/iframe><\/div>\n","protected":false},"excerpt":{"rendered":"","protected":false},"author":12,"featured_media":0,"parent":0,"menu_order":0,"comment_status":"closed","ping_status":"closed","template":"","meta":{"_acf_changed":false,"footnotes":""},"class_list":["post-8115","page","type-page","status-publish","hentry"],"acf":[],"yoast_head":"<!-- This site is optimized with the Yoast SEO plugin v24.2 - https:\/\/yoast.com\/wordpress\/plugins\/seo\/ -->\n<title>Contact | EHC Teknik<\/title>\n<meta name=\"description\" content=\"Vous trouverez ici nos coordonn\u00e9es. t\u00e9l\u00e9phone: +32 (0)3 366 39 36. Email: info@ehcteknik.be\" \/>\n<meta name=\"robots\" content=\"noindex, follow, max-snippet:-1, max-image-preview:large, max-video-preview:-1\" \/>\n<meta property=\"og:locale\" content=\"fr_FR\" \/>\n<meta property=\"og:type\" content=\"article\" \/>\n<meta property=\"og:title\" content=\"Contact | EHC Teknik\" \/>\n<meta property=\"og:description\" content=\"Vous trouverez ici nos coordonn\u00e9es. t\u00e9l\u00e9phone: +32 (0)3 366 39 36. Email: info@ehcteknik.be\" \/>\n<meta property=\"og:url\" content=\"https:\/\/stage.ehcteknik.com\/fr\/contact\/\" \/>\n<meta property=\"og:site_name\" content=\"EHC Teknik\" \/>\n<meta property=\"article:modified_time\" content=\"2021-11-24T15:26:07+00:00\" \/>\n<meta name=\"twitter:card\" content=\"summary_large_image\" \/>\n<script type=\"application\/ld+json\" class=\"yoast-schema-graph\">{\"@context\":\"https:\/\/schema.org\",\"@graph\":[{\"@type\":\"WebPage\",\"@id\":\"https:\/\/stage.ehcteknik.com\/fr\/contact\/\",\"url\":\"https:\/\/stage.ehcteknik.com\/fr\/contact\/\",\"name\":\"Contact | EHC Teknik\",\"isPartOf\":{\"@id\":\"https:\/\/stage.ehcteknik.com\/fr\/#website\"},\"datePublished\":\"2021-06-12T15:54:19+00:00\",\"dateModified\":\"2021-11-24T15:26:07+00:00\",\"description\":\"Vous trouverez ici nos coordonn\u00e9es. t\u00e9l\u00e9phone: +32 (0)3 366 39 36. Email: info@ehcteknik.be\",\"breadcrumb\":{\"@id\":\"https:\/\/stage.ehcteknik.com\/fr\/contact\/#breadcrumb\"},\"inLanguage\":\"fr-FR\",\"potentialAction\":[{\"@type\":\"ReadAction\",\"target\":[\"https:\/\/stage.ehcteknik.com\/fr\/contact\/\"]}]},{\"@type\":\"BreadcrumbList\",\"@id\":\"https:\/\/stage.ehcteknik.com\/fr\/contact\/#breadcrumb\",\"itemListElement\":[{\"@type\":\"ListItem\",\"position\":1,\"name\":\"Home\",\"item\":\"https:\/\/stage.ehcteknik.com\/fr\/\"},{\"@type\":\"ListItem\",\"position\":2,\"name\":\"Contact\"}]},{\"@type\":\"WebSite\",\"@id\":\"https:\/\/stage.ehcteknik.com\/fr\/#website\",\"url\":\"https:\/\/stage.ehcteknik.com\/fr\/\",\"name\":\"EHC Teknik\",\"description\":\"We reduce emissions\",\"publisher\":{\"@id\":\"https:\/\/stage.ehcteknik.com\/fr\/#organization\"},\"potentialAction\":[{\"@type\":\"SearchAction\",\"target\":{\"@type\":\"EntryPoint\",\"urlTemplate\":\"https:\/\/stage.ehcteknik.com\/fr\/?s={search_term_string}\"},\"query-input\":{\"@type\":\"PropertyValueSpecification\",\"valueRequired\":true,\"valueName\":\"search_term_string\"}}],\"inLanguage\":\"fr-FR\"},{\"@type\":\"Organization\",\"@id\":\"https:\/\/stage.ehcteknik.com\/fr\/#organization\",\"name\":\"EHC Teknik\",\"url\":\"https:\/\/stage.ehcteknik.com\/fr\/\",\"logo\":{\"@type\":\"ImageObject\",\"inLanguage\":\"fr-FR\",\"@id\":\"https:\/\/stage.ehcteknik.com\/fr\/#\/schema\/logo\/image\/\",\"url\":\"https:\/\/stage.ehcteknik.com\/wp-content\/uploads\/2020\/11\/logo.jpg\",\"contentUrl\":\"https:\/\/stage.ehcteknik.com\/wp-content\/uploads\/2020\/11\/logo.jpg\",\"width\":205,\"height\":58,\"caption\":\"EHC Teknik\"},\"image\":{\"@id\":\"https:\/\/stage.ehcteknik.com\/fr\/#\/schema\/logo\/image\/\"}}]}<\/script>\n<!-- \/ Yoast SEO plugin. -->","yoast_head_json":{"title":"Contact | EHC Teknik","description":"Vous trouverez ici nos coordonn\u00e9es. t\u00e9l\u00e9phone: +32 (0)3 366 39 36. Email: info@ehcteknik.be","robots":{"index":"noindex","follow":"follow","max-snippet":"max-snippet:-1","max-image-preview":"max-image-preview:large","max-video-preview":"max-video-preview:-1"},"og_locale":"fr_FR","og_type":"article","og_title":"Contact | EHC Teknik","og_description":"Vous trouverez ici nos coordonn\u00e9es. t\u00e9l\u00e9phone: +32 (0)3 366 39 36. Email: info@ehcteknik.be","og_url":"https:\/\/stage.ehcteknik.com\/fr\/contact\/","og_site_name":"EHC Teknik","article_modified_time":"2021-11-24T15:26:07+00:00","twitter_card":"summary_large_image","schema":{"@context":"https:\/\/schema.org","@graph":[{"@type":"WebPage","@id":"https:\/\/stage.ehcteknik.com\/fr\/contact\/","url":"https:\/\/stage.ehcteknik.com\/fr\/contact\/","name":"Contact | EHC Teknik","isPartOf":{"@id":"https:\/\/stage.ehcteknik.com\/fr\/#website"},"datePublished":"2021-06-12T15:54:19+00:00","dateModified":"2021-11-24T15:26:07+00:00","description":"Vous trouverez ici nos coordonn\u00e9es. t\u00e9l\u00e9phone: +32 (0)3 366 39 36. Email: info@ehcteknik.be","breadcrumb":{"@id":"https:\/\/stage.ehcteknik.com\/fr\/contact\/#breadcrumb"},"inLanguage":"fr-FR","potentialAction":[{"@type":"ReadAction","target":["https:\/\/stage.ehcteknik.com\/fr\/contact\/"]}]},{"@type":"BreadcrumbList","@id":"https:\/\/stage.ehcteknik.com\/fr\/contact\/#breadcrumb","itemListElement":[{"@type":"ListItem","position":1,"name":"Home","item":"https:\/\/stage.ehcteknik.com\/fr\/"},{"@type":"ListItem","position":2,"name":"Contact"}]},{"@type":"WebSite","@id":"https:\/\/stage.ehcteknik.com\/fr\/#website","url":"https:\/\/stage.ehcteknik.com\/fr\/","name":"EHC Teknik","description":"We reduce emissions","publisher":{"@id":"https:\/\/stage.ehcteknik.com\/fr\/#organization"},"potentialAction":[{"@type":"SearchAction","target":{"@type":"EntryPoint","urlTemplate":"https:\/\/stage.ehcteknik.com\/fr\/?s={search_term_string}"},"query-input":{"@type":"PropertyValueSpecification","valueRequired":true,"valueName":"search_term_string"}}],"inLanguage":"fr-FR"},{"@type":"Organization","@id":"https:\/\/stage.ehcteknik.com\/fr\/#organization","name":"EHC Teknik","url":"https:\/\/stage.ehcteknik.com\/fr\/","logo":{"@type":"ImageObject","inLanguage":"fr-FR","@id":"https:\/\/stage.ehcteknik.com\/fr\/#\/schema\/logo\/image\/","url":"https:\/\/stage.ehcteknik.com\/wp-content\/uploads\/2020\/11\/logo.jpg","contentUrl":"https:\/\/stage.ehcteknik.com\/wp-content\/uploads\/2020\/11\/logo.jpg","width":205,"height":58,"caption":"EHC Teknik"},"image":{"@id":"https:\/\/stage.ehcteknik.com\/fr\/#\/schema\/logo\/image\/"}}]}},"_links":{"self":[{"href":"https:\/\/stage.ehcteknik.com\/fr\/wp-json\/wp\/v2\/pages\/8115","targetHints":{"allow":["GET"]}}],"collection":[{"href":"https:\/\/stage.ehcteknik.com\/fr\/wp-json\/wp\/v2\/pages"}],"about":[{"href":"https:\/\/stage.ehcteknik.com\/fr\/wp-json\/wp\/v2\/types\/page"}],"author":[{"embeddable":true,"href":"https:\/\/stage.ehcteknik.com\/fr\/wp-json\/wp\/v2\/users\/12"}],"replies":[{"embeddable":true,"href":"https:\/\/stage.ehcteknik.com\/fr\/wp-json\/wp\/v2\/comments?post=8115"}],"version-history":[{"count":5,"href":"https:\/\/stage.ehcteknik.com\/fr\/wp-json\/wp\/v2\/pages\/8115\/revisions"}],"predecessor-version":[{"id":8640,"href":"https:\/\/stage.ehcteknik.com\/fr\/wp-json\/wp\/v2\/pages\/8115\/revisions\/8640"}],"wp:attachment":[{"href":"https:\/\/stage.ehcteknik.com\/fr\/wp-json\/wp\/v2\/media?parent=8115"}],"curies":[{"name":"wp","href":"https:\/\/api.w.org\/{rel}","templated":true}]}}